{"id":2083,"date":"2018-12-20T08:16:01","date_gmt":"2018-12-20T07:16:01","guid":{"rendered":"https:\/\/dcg-handel.be\/avertissement\/"},"modified":"2023-12-14T15:25:38","modified_gmt":"2023-12-14T14:25:38","slug":"avertissement","status":"publish","type":"page","link":"https:\/\/dcg-handel.be\/fr\/avertissement\/","title":{"rendered":"Avertissement"},"content":{"rendered":"\n<p>Les informations fournies sur le site web et dans les bulletins d&#8217;information (\u00e9lectroniques) sont uniquement destin\u00e9es \u00e0 l&#8217;orientation, sont de nature g\u00e9n\u00e9rale et ne constituent pas un conseil. Vous ne pouvez pas d\u00e9river de droits des informations telles qu&#8217;elles sont pr\u00e9sent\u00e9es. Bien que la plus grande attention soit accord\u00e9e \u00e0 la pr\u00e9paration et \u00e0 l&#8217;entretien de ce site web et de son contenu, il existe toujours la possibilit\u00e9 que certaines informations contiennent des imperfections ou deviennent obsol\u00e8tes avec le temps. DCG ne peut garantir l&#8217;exactitude, l&#8217;exhaustivit\u00e9 et l&#8217;actualit\u00e9 des informations fournies. <br\/>DCG n&#8217;est pas responsable des dommages de quelque nature que ce soit.<\/p>\n\n<p>\u00a9 2020 DCG<\/p>\n\n<p>Tous les droits de propri\u00e9t\u00e9 intellectuelle sur ce site web, les informations, images et autres expressions pr\u00e9sent\u00e9es ici appartiennent exclusivement \u00e0 <br\/>DCG. Rien de ce site web ne peut \u00eatre publi\u00e9 ou reproduit, sauf avec l&#8217;autorisation \u00e9crite pr\u00e9alable de DCG.<\/p>\n","protected":false},"excerpt":{"rendered":"<p>Les informations fournies sur le site web et dans les bulletins d&#8217;information (\u00e9lectroniques) sont uniquement destin\u00e9es \u00e0 l&#8217;orientation, sont de nature g\u00e9n\u00e9rale et ne constituent pas un conseil. Vous ne pouvez pas d\u00e9river de droits des informations telles qu&#8217;elles sont pr\u00e9sent\u00e9es. Bien que la plus grande attention soit accord\u00e9e \u00e0 la pr\u00e9paration et \u00e0 l&#8217;entretien [&hellip;]<\/p>\n","protected":false},"author":1,"featured_media":0,"parent":0,"menu_order":0,"comment_status":"closed","ping_status":"closed","template":"","meta":{"_acf_changed":false,"footnotes":""},"class_list":["post-2083","page","type-page","status-publish","hentry"],"acf":[],"_links":{"self":[{"href":"https:\/\/dcg-handel.be\/fr\/wp-json\/wp\/v2\/pages\/2083","targetHints":{"allow":["GET"]}}],"collection":[{"href":"https:\/\/dcg-handel.be\/fr\/wp-json\/wp\/v2\/pages"}],"about":[{"href":"https:\/\/dcg-handel.be\/fr\/wp-json\/wp\/v2\/types\/page"}],"author":[{"embeddable":true,"href":"https:\/\/dcg-handel.be\/fr\/wp-json\/wp\/v2\/users\/1"}],"replies":[{"embeddable":true,"href":"https:\/\/dcg-handel.be\/fr\/wp-json\/wp\/v2\/comments?post=2083"}],"version-history":[{"count":3,"href":"https:\/\/dcg-handel.be\/fr\/wp-json\/wp\/v2\/pages\/2083\/revisions"}],"predecessor-version":[{"id":2086,"href":"https:\/\/dcg-handel.be\/fr\/wp-json\/wp\/v2\/pages\/2083\/revisions\/2086"}],"wp:attachment":[{"href":"https:\/\/dcg-handel.be\/fr\/wp-json\/wp\/v2\/media?parent=2083"}],"curies":[{"name":"wp","href":"https:\/\/api.w.org\/{rel}","templated":true}]}}